{"id":1640,"date":"2023-08-16T15:31:43","date_gmt":"2023-08-16T13:31:43","guid":{"rendered":"https:\/\/memorial.nantes.fr\/?page_id=1640"},"modified":"2023-12-12T12:19:33","modified_gmt":"2023-12-12T11:19:33","slug":"associations","status":"publish","type":"page","link":"https:\/\/memorial.nantes.fr\/en\/the-memorial-in-the-city\/associations\/","title":{"rendered":"Associations"},"content":{"rendered":"<p>All year long, Nantes\u2019 associations organize activities to raise awareness of the slave trade, slavery, its abolition, and its history. They coordinate events and itineraries at locations throughout the city. Their active participation in France\u2019s \u201cNational Day of Remembrance of the Slave Trade and its Abolition\u201d on May 10th is proof of their commitment to human rights and freedoms.<\/p>\n<p><strong>Les Anneaux de la M\u00e9moire<\/strong><br \/>\n<a href=\"https:\/\/www.anneauxdelamemoire.org\/\" target=\"_blank\" rel=\"noopener\">anneauxdelamemoire.org<\/a><br \/>\n<a href=\"mailto:contact@anneauxdelamemoire.org\">contact@anneauxdelamemoire.org<\/a><br \/>\n<a class=\"M23_CTA\" href=\"https:\/\/memorial.nantes.fr\/portraits\/mathilde-boucle-bossard\/\" target=\"_blank\" rel=\"noopener\">Portrait de Mathilde Boucl\u00e9-Bossard, president.<\/a><\/p>\n<p><strong>M\u00e9moire de l\u2019outre-mer<\/strong><br \/>\nEspace Louis Delgr\u00e8s open to the public: 89 quai de la Fosse<br \/>\n<a href=\"https:\/\/outremer44.com\/\" target=\"_blank\" rel=\"noopener\">outremer44.com<\/a><br \/>\n<a href=\"mailto:outremer44@orange.fr\">outremer44@orange.fr<\/a><br \/>\n<a class=\"M23_CTA\" href=\"https:\/\/memorial.nantes.fr\/portraits\/michel-cocotier\/\" target=\"_blank\" rel=\"noopener\">Portrait de Michel Cocotier, president.<\/a><\/p>\n<p><strong>Coque Nomade Fraternit\u00e9<br \/>\n<\/strong>Pavillon de la Fraternit\u00e9 open to the public: Parc des Chantiers<br \/>\n<a href=\"https:\/\/coquenomade-fraternite.com\/\" target=\"_blank\" rel=\"noopener\">coquenomade-fraternite.com<\/a><br \/>\n<a href=\"mailto:contact@coquenomade-fraternite.com\">contact@coquenomade-fraternite.com<\/a><\/p>\n<p><strong>Hetsika<\/strong><br \/>\nWelcome, arts and culture from Madagascar<br \/>\n<a href=\"https:\/\/www.hetsika.fr\/\" target=\"_blank\" rel=\"noopener\">hetsika.fr<\/a><br \/>\n<a href=\"mailto:hetsika@gmail.com\">hetsika@gmail.com<\/a><br \/>\n<a class=\"M23_CTA\" href=\"https:\/\/memorial.nantes.fr\/portraits\/vonjy-andrianatoandro\/\" target=\"_blank\" rel=\"noopener\">Portrait de Vonjy Andrianatoandro, president.<\/a><\/p>\n<p><strong>Maison de l\u2019Afrique<\/strong><br \/>\n<a href=\"https:\/\/www.lamaisondelafrique.com\/\" target=\"_blank\" rel=\"noopener\">lamaisondelafrique.com<\/a><br \/>\n<a href=\"mailto:contact@maisonafrique-nantes.org\">contact@maisonafrique-nantes.org<\/a><\/p>\n<p><strong>M\u00e9tisse \u00e0 Nantes<\/strong><br \/>\n<a href=\"http:\/\/www.metisse-a-nantes.org\/\" target=\"_blank\" rel=\"noopener\">metisse-a-nantes.org<\/a><br \/>\n<a href=\"mailto:metisseanantes@gmail.com\">metisseanantes@gmail.com<\/a><br \/>\n<a class=\"M23_CTA\" href=\"https:\/\/memorial.nantes.fr\/portraits\/nicolas-cheri-zecote\/\" target=\"_blank\" rel=\"noopener\">Portrait de Nicolas Ch\u00e9ri-Z\u00e9cot\u00e9, president.<\/a><\/p>\n<p><strong>Association des Antillais et Guyanais de Loire-Atlantique (AAGLA)<\/strong><br \/>\n<a class=\"M23_CTA\" href=\"https:\/\/memorial.nantes.fr\/portraits\/martine-thiane\/\" target=\"_blank\" rel=\"noopener\">Portrait de Martine Thian\u00e9, president.<\/a><\/p>\n<p><strong>Afri@Nantes<\/strong><\/p>\n<p><strong>Association des B\u00e9ninois et Amis de Nantes<\/strong><br \/>\n<a href=\"https:\/\/banassonantes.wixsite.com\/ban18\/home\" target=\"_blank\" rel=\"noopener\">banassonantes.wixsite.com<\/a><br \/>\n<a class=\"M23_CTA\" href=\"https:\/\/memorial.nantes.fr\/portraits\/rodolphe-hountondji\/\" target=\"_blank\" rel=\"noopener\">Portrait de Rodolphe Hountondji, president.<\/a><\/p>\n<p><strong>Le Cercle du Marronage\u00a0<\/strong><br \/>\n<a href=\"mailto:lecercledumarronnage@gmail.com\">lecercledumarronnage@gmail.com<\/a><\/p>\n","protected":false},"excerpt":{"rendered":"<p>All year long, Nantes\u2019 associations organize activities to raise awareness of the slave trade, slavery, its abolition, and its history. They coordinate events and itineraries at locations throughout the city. Their active participation in France\u2019s \u201cNational Day of Remembrance of the Slave Trade and its Abolition\u201d on May 10th is proof of their commitment to &hellip; <\/p>\n<p class=\"link-more\"><a href=\"https:\/\/memorial.nantes.fr\/en\/the-memorial-in-the-city\/associations\/\" class=\"more-link\">Continue reading<span class=\"screen-reader-text\"> &#8220;Associations&#8221;<\/span><\/a><\/p>\n","protected":false},"author":1,"featured_media":926,"parent":371,"menu_order":60,"comment_status":"closed","ping_status":"closed","template":"templates\/MEM_CHAPITRES_VILLE.php","meta":{"_acf_changed":false,"footnotes":""},"class_list":["post-1640","page","type-page","status-publish","has-post-thumbnail","hentry"],"acf":[],"yoast_head":"<!-- This site is optimized with the Yoast SEO plugin v27.2 - https:\/\/yoast.com\/product\/yoast-seo-wordpress\/ -->\n<title>Associations | Memorial to the abolition of slavery - Nantes (France)<\/title>\n<meta name=\"description\" content=\"All year long, Nantes\u2019 associations organize activities to raise awareness of the slave trade, slavery, its abolition, and its history.\" \/>\n<meta name=\"robots\" content=\"index, follow, max-snippet:-1, max-image-preview:large, max-video-preview:-1\" \/>\n<link rel=\"canonical\" href=\"https:\/\/memorial.nantes.fr\/en\/the-memorial-in-the-city\/associations\/\" \/>\n<meta property=\"og:locale\" content=\"en_US\" \/>\n<meta property=\"og:type\" content=\"article\" \/>\n<meta property=\"og:title\" content=\"Associations | Memorial to the abolition of slavery - Nantes (France)\" \/>\n<meta property=\"og:description\" content=\"All year long, Nantes\u2019 associations organize activities to raise awareness of the slave trade, slavery, its abolition, and its history.\" \/>\n<meta property=\"og:url\" content=\"https:\/\/memorial.nantes.fr\/en\/the-memorial-in-the-city\/associations\/\" \/>\n<meta property=\"og:site_name\" content=\"Memorial to the abolition of slavery - Nantes (France)\" \/>\n<meta property=\"article:modified_time\" content=\"2023-12-12T11:19:33+00:00\" \/>\n<meta property=\"og:image\" content=\"https:\/\/memorial.nantes.fr\/wp-content\/uploads\/2020\/05\/header_10mai2020.jpg\" \/>\n\t<meta property=\"og:image:width\" content=\"1600\" \/>\n\t<meta property=\"og:image:height\" content=\"857\" \/>\n\t<meta property=\"og:image:type\" content=\"image\/jpeg\" \/>\n<meta name=\"twitter:card\" content=\"summary_large_image\" \/>\n<meta name=\"twitter:label1\" content=\"Est. reading time\" \/>\n\t<meta name=\"twitter:data1\" content=\"1 minute\" \/>\n<script type=\"application\/ld+json\" class=\"yoast-schema-graph\">{\"@context\":\"https:\/\/schema.org\",\"@graph\":[{\"@type\":\"WebPage\",\"@id\":\"https:\/\/memorial.nantes.fr\/en\/the-memorial-in-the-city\/associations\/\",\"url\":\"https:\/\/memorial.nantes.fr\/en\/the-memorial-in-the-city\/associations\/\",\"name\":\"Associations | Memorial to the abolition of slavery - Nantes (France)\",\"isPartOf\":{\"@id\":\"https:\/\/memorial.nantes.fr\/en\/#website\"},\"primaryImageOfPage\":{\"@id\":\"https:\/\/memorial.nantes.fr\/en\/the-memorial-in-the-city\/associations\/#primaryimage\"},\"image\":{\"@id\":\"https:\/\/memorial.nantes.fr\/en\/the-memorial-in-the-city\/associations\/#primaryimage\"},\"thumbnailUrl\":\"https:\/\/memorial.nantes.fr\/wp-content\/uploads\/2020\/05\/header_10mai2020.jpg\",\"datePublished\":\"2023-08-16T13:31:43+00:00\",\"dateModified\":\"2023-12-12T11:19:33+00:00\",\"description\":\"All year long, Nantes\u2019 associations organize activities to raise awareness of the slave trade, slavery, its abolition, and its history.\",\"breadcrumb\":{\"@id\":\"https:\/\/memorial.nantes.fr\/en\/the-memorial-in-the-city\/associations\/#breadcrumb\"},\"inLanguage\":\"en-US\",\"potentialAction\":[{\"@type\":\"ReadAction\",\"target\":[\"https:\/\/memorial.nantes.fr\/en\/the-memorial-in-the-city\/associations\/\"]}]},{\"@type\":\"ImageObject\",\"inLanguage\":\"en-US\",\"@id\":\"https:\/\/memorial.nantes.fr\/en\/the-memorial-in-the-city\/associations\/#primaryimage\",\"url\":\"https:\/\/memorial.nantes.fr\/wp-content\/uploads\/2020\/05\/header_10mai2020.jpg\",\"contentUrl\":\"https:\/\/memorial.nantes.fr\/wp-content\/uploads\/2020\/05\/header_10mai2020.jpg\",\"width\":1600,\"height\":857},{\"@type\":\"BreadcrumbList\",\"@id\":\"https:\/\/memorial.nantes.fr\/en\/the-memorial-in-the-city\/associations\/#breadcrumb\",\"itemListElement\":[{\"@type\":\"ListItem\",\"position\":1,\"name\":\"Accueil\",\"item\":\"https:\/\/memorial.nantes.fr\/en\/\"},{\"@type\":\"ListItem\",\"position\":2,\"name\":\"The memorial in the city\",\"item\":\"https:\/\/memorial.nantes.fr\/en\/the-memorial-in-the-city\/\"},{\"@type\":\"ListItem\",\"position\":3,\"name\":\"Associations\"}]},{\"@type\":\"WebSite\",\"@id\":\"https:\/\/memorial.nantes.fr\/en\/#website\",\"url\":\"https:\/\/memorial.nantes.fr\/en\/\",\"name\":\"Memorial to the abolition of slavery - Nantes (France)\",\"description\":\"\",\"publisher\":{\"@id\":\"https:\/\/memorial.nantes.fr\/en\/#organization\"},\"alternateName\":\"M\u00e9morial de l'abolition de l'esclavage\",\"potentialAction\":[{\"@type\":\"SearchAction\",\"target\":{\"@type\":\"EntryPoint\",\"urlTemplate\":\"https:\/\/memorial.nantes.fr\/en\/?s={search_term_string}\"},\"query-input\":{\"@type\":\"PropertyValueSpecification\",\"valueRequired\":true,\"valueName\":\"search_term_string\"}}],\"inLanguage\":\"en-US\"},{\"@type\":\"Organization\",\"@id\":\"https:\/\/memorial.nantes.fr\/en\/#organization\",\"name\":\"Memorial to the abolition of slavery - Nantes (France)\",\"alternateName\":\"M\u00e9morial de l\u2019abolition de l\u2019esclavage\",\"url\":\"https:\/\/memorial.nantes.fr\/en\/\",\"logo\":{\"@type\":\"ImageObject\",\"inLanguage\":\"en-US\",\"@id\":\"https:\/\/memorial.nantes.fr\/en\/#\/schema\/logo\/image\/\",\"url\":\"https:\/\/memorial.nantes.fr\/wp-content\/uploads\/2023\/12\/memorial-abolition-esclavage-nantes-1.jpg\",\"contentUrl\":\"https:\/\/memorial.nantes.fr\/wp-content\/uploads\/2023\/12\/memorial-abolition-esclavage-nantes-1.jpg\",\"width\":696,\"height\":696,\"caption\":\"Memorial to the abolition of slavery - Nantes (France)\"},\"image\":{\"@id\":\"https:\/\/memorial.nantes.fr\/en\/#\/schema\/logo\/image\/\"}}]}<\/script>\n<!-- \/ Yoast SEO plugin. -->","yoast_head_json":{"title":"Associations | Memorial to the abolition of slavery - Nantes (France)","description":"All year long, Nantes\u2019 associations organize activities to raise awareness of the slave trade, slavery, its abolition, and its history.","robots":{"index":"index","follow":"follow","max-snippet":"max-snippet:-1","max-image-preview":"max-image-preview:large","max-video-preview":"max-video-preview:-1"},"canonical":"https:\/\/memorial.nantes.fr\/en\/the-memorial-in-the-city\/associations\/","og_locale":"en_US","og_type":"article","og_title":"Associations | Memorial to the abolition of slavery - Nantes (France)","og_description":"All year long, Nantes\u2019 associations organize activities to raise awareness of the slave trade, slavery, its abolition, and its history.","og_url":"https:\/\/memorial.nantes.fr\/en\/the-memorial-in-the-city\/associations\/","og_site_name":"Memorial to the abolition of slavery - Nantes (France)","article_modified_time":"2023-12-12T11:19:33+00:00","og_image":[{"width":1600,"height":857,"url":"https:\/\/memorial.nantes.fr\/wp-content\/uploads\/2020\/05\/header_10mai2020.jpg","type":"image\/jpeg"}],"twitter_card":"summary_large_image","twitter_misc":{"Est. reading time":"1 minute"},"schema":{"@context":"https:\/\/schema.org","@graph":[{"@type":"WebPage","@id":"https:\/\/memorial.nantes.fr\/en\/the-memorial-in-the-city\/associations\/","url":"https:\/\/memorial.nantes.fr\/en\/the-memorial-in-the-city\/associations\/","name":"Associations | Memorial to the abolition of slavery - Nantes (France)","isPartOf":{"@id":"https:\/\/memorial.nantes.fr\/en\/#website"},"primaryImageOfPage":{"@id":"https:\/\/memorial.nantes.fr\/en\/the-memorial-in-the-city\/associations\/#primaryimage"},"image":{"@id":"https:\/\/memorial.nantes.fr\/en\/the-memorial-in-the-city\/associations\/#primaryimage"},"thumbnailUrl":"https:\/\/memorial.nantes.fr\/wp-content\/uploads\/2020\/05\/header_10mai2020.jpg","datePublished":"2023-08-16T13:31:43+00:00","dateModified":"2023-12-12T11:19:33+00:00","description":"All year long, Nantes\u2019 associations organize activities to raise awareness of the slave trade, slavery, its abolition, and its history.","breadcrumb":{"@id":"https:\/\/memorial.nantes.fr\/en\/the-memorial-in-the-city\/associations\/#breadcrumb"},"inLanguage":"en-US","potentialAction":[{"@type":"ReadAction","target":["https:\/\/memorial.nantes.fr\/en\/the-memorial-in-the-city\/associations\/"]}]},{"@type":"ImageObject","inLanguage":"en-US","@id":"https:\/\/memorial.nantes.fr\/en\/the-memorial-in-the-city\/associations\/#primaryimage","url":"https:\/\/memorial.nantes.fr\/wp-content\/uploads\/2020\/05\/header_10mai2020.jpg","contentUrl":"https:\/\/memorial.nantes.fr\/wp-content\/uploads\/2020\/05\/header_10mai2020.jpg","width":1600,"height":857},{"@type":"BreadcrumbList","@id":"https:\/\/memorial.nantes.fr\/en\/the-memorial-in-the-city\/associations\/#breadcrumb","itemListElement":[{"@type":"ListItem","position":1,"name":"Accueil","item":"https:\/\/memorial.nantes.fr\/en\/"},{"@type":"ListItem","position":2,"name":"The memorial in the city","item":"https:\/\/memorial.nantes.fr\/en\/the-memorial-in-the-city\/"},{"@type":"ListItem","position":3,"name":"Associations"}]},{"@type":"WebSite","@id":"https:\/\/memorial.nantes.fr\/en\/#website","url":"https:\/\/memorial.nantes.fr\/en\/","name":"Memorial to the abolition of slavery - Nantes (France)","description":"","publisher":{"@id":"https:\/\/memorial.nantes.fr\/en\/#organization"},"alternateName":"M\u00e9morial de l'abolition de l'esclavage","potentialAction":[{"@type":"SearchAction","target":{"@type":"EntryPoint","urlTemplate":"https:\/\/memorial.nantes.fr\/en\/?s={search_term_string}"},"query-input":{"@type":"PropertyValueSpecification","valueRequired":true,"valueName":"search_term_string"}}],"inLanguage":"en-US"},{"@type":"Organization","@id":"https:\/\/memorial.nantes.fr\/en\/#organization","name":"Memorial to the abolition of slavery - Nantes (France)","alternateName":"M\u00e9morial de l\u2019abolition de l\u2019esclavage","url":"https:\/\/memorial.nantes.fr\/en\/","logo":{"@type":"ImageObject","inLanguage":"en-US","@id":"https:\/\/memorial.nantes.fr\/en\/#\/schema\/logo\/image\/","url":"https:\/\/memorial.nantes.fr\/wp-content\/uploads\/2023\/12\/memorial-abolition-esclavage-nantes-1.jpg","contentUrl":"https:\/\/memorial.nantes.fr\/wp-content\/uploads\/2023\/12\/memorial-abolition-esclavage-nantes-1.jpg","width":696,"height":696,"caption":"Memorial to the abolition of slavery - Nantes (France)"},"image":{"@id":"https:\/\/memorial.nantes.fr\/en\/#\/schema\/logo\/image\/"}}]}},"_links":{"self":[{"href":"https:\/\/memorial.nantes.fr\/en\/wp-json\/wp\/v2\/pages\/1640","targetHints":{"allow":["GET"]}}],"collection":[{"href":"https:\/\/memorial.nantes.fr\/en\/wp-json\/wp\/v2\/pages"}],"about":[{"href":"https:\/\/memorial.nantes.fr\/en\/wp-json\/wp\/v2\/types\/page"}],"author":[{"embeddable":true,"href":"https:\/\/memorial.nantes.fr\/en\/wp-json\/wp\/v2\/users\/1"}],"replies":[{"embeddable":true,"href":"https:\/\/memorial.nantes.fr\/en\/wp-json\/wp\/v2\/comments?post=1640"}],"version-history":[{"count":4,"href":"https:\/\/memorial.nantes.fr\/en\/wp-json\/wp\/v2\/pages\/1640\/revisions"}],"predecessor-version":[{"id":1700,"href":"https:\/\/memorial.nantes.fr\/en\/wp-json\/wp\/v2\/pages\/1640\/revisions\/1700"}],"up":[{"embeddable":true,"href":"https:\/\/memorial.nantes.fr\/en\/wp-json\/wp\/v2\/pages\/371"}],"wp:featuredmedia":[{"embeddable":true,"href":"https:\/\/memorial.nantes.fr\/en\/wp-json\/wp\/v2\/media\/926"}],"wp:attachment":[{"href":"https:\/\/memorial.nantes.fr\/en\/wp-json\/wp\/v2\/media?parent=1640"}],"curies":[{"name":"wp","href":"https:\/\/api.w.org\/{rel}","templated":true}]}}