{"id":480,"date":"2017-12-18T11:45:45","date_gmt":"2017-12-18T10:45:45","guid":{"rendered":"http:\/\/memorial.nantes.fr\/?page_id=480"},"modified":"2023-12-11T10:09:50","modified_gmt":"2023-12-11T09:09:50","slug":"bibliography","status":"publish","type":"page","link":"https:\/\/memorial.nantes.fr\/en\/bibliography\/","title":{"rendered":"Bibliography"},"content":{"rendered":"<h2>Bibliography<\/h2>\n<h2>Basics<\/h2>\n<p>\u2013 Anthology, <em>The Price of Sugar, discourse on slavery from Aristotle to C\u00e9saire<\/em>, Editions Flammarion, 2006.<br \/>\n\u2013 DHOTEL G\u00e9rard, <em>Esclavage ancien et moderne<\/em>, Editions Milan, 2004.<br \/>\n\u2013 DORIGNY Marcel and GAINOT Bernard, <em>Atlas des esclavages, Traites, soci\u00e9t\u00e9s coloniales, abolitions de l\u2019Antiquit\u00e9 \u00e0 nos jours<\/em>, Editions Autrement, 2006.<br \/>\n\u2013 GIARD Mathilde, <em>L\u2019esclavage de l\u2019Antiquit\u00e9 \u00e0 nos jours<\/em>, Castor Poche-Flammarion, 2007.<br \/>\n\u2013 <em>Le Code noir et autres textes de lois sur l\u2019esclavage<\/em>, Editions S\u00e9pia, 2006.<br \/>\n\u2013 PETRE-GRENOUILLEAU Olivier, <em>Les traites n\u00e9gri\u00e8res<\/em>, La Documentation Fran\u00e7aise, 2004.<br \/>\n\u2013 SAUGERA Eric, <em>La traite des Noirs en 30 questions<\/em>, Geste Editions, 1998.<br \/>\n\u2013 THELIER G\u00e9rard, <em>Le grand livre de l\u2019esclavage : Des r\u00e9sistances et de l\u2019abolition<\/em>, Orphie, 2010.<\/p>\n<h2>Education<\/h2>\n<p>\u2013 <em>Quel enseignement de la traite n\u00e9gri\u00e8re, de l\u2019esclavage et des abolitions ?<\/em>,<br \/>\nCRDP de l\u2019Acad\u00e9mie de Cr\u00e9teil, 2008.<br \/>\n\u2013 <em>La traite n\u00e9gri\u00e8re, l\u2019esclavage et leurs abolitions : m\u00e9moire et histoire<\/em>, CRDP de Versailles, 2007.<br \/>\n\u2013 <em>Enseigner l\u2019histoire des traites n\u00e9gri\u00e8res et de l\u2019esclavage, cycle 3<\/em>, CRDP de l\u2019acad\u00e9mie de Cr\u00e9teil, collection \u00ab Rep\u00e8res pour agir \u00bb, 2007.<\/p>\n<h2>Regarding Authors Quoted in the Memorial\u2019s Meditative Walk<\/h2>\n<p>\u2013 BLANC Olivier, <em>Olympe de Gouges<\/em>, Editions Ren\u00e9 Vi\u00e9net, 2003.<br \/>\n\u2013 CESAIRE Aim\u00e9, <em>Cahier d\u2019un retour au pays natal<\/em>, Pr\u00e9sence Africaine, 2000 (Original Edition : 1939).<br \/>\n\u2013 DOUGLASS Frederick, <em>M\u00e9moire d\u2019un esclave (A Narrative of the Life of Frederick Douglass, an American Slave)<\/em>, Lux Canada, 2007 (Original Edition : 1845).<br \/>\n\u2013 GAUVIN Axel, <em>Du cr\u00e9ole opprim\u00e9 au cr\u00e9ole lib\u00e9r\u00e9<\/em>, L\u2019Harmattan, 2000.<br \/>\n\u2013 LARAQUE Paul, <em>Le vieux n\u00e8gre et l\u2019exil<\/em>, Silex, 1988.<br \/>\n\u2013 EQUIANO Olaudah, <em>Ma v\u00e9ridique histoire : Africain, esclave en Am\u00e9rique, homme libre<\/em>, Mercure de France, 2008 (Original Edition : 1789).<br \/>\n\u2013 FANON Frantz, <em>Peau noire, masques blancs (Black Skin White Mask)<\/em>, Seuil, 1971 (Original Edition : 1952).<br \/>\n\u2013 GREGOIRE Henri, <em>Des peines infamantes \u00e0 infliger aux n\u00e9griers<\/em>, Baudouin fr\u00e8res, 1822.<br \/>\n\u2013 HOUAT Louis Timag\u00e8ne, <em>Les marrons<\/em>, \u00c9d. Association d\u2019insertion pour le d\u00e9veloppement \u00e9conomique et social, 1998 (Original Edition : 1844).<br \/>\n\u2013 MANDELA Nelson, <em>Un long chemin vers la libert\u00e9 (The long walk to Freedom)<\/em>, Le Livre de Poche, 1996.<br \/>\n\u2013 MORRISON Toni, <em>Beloved<\/em>, Editions 10-18, 1998 (Original Edition : 1987).<br \/>\n\u2013 OATES Stephen, <em>Lincoln<\/em>, Fayard, 1984.<br \/>\n\u2013 PLUCHON Pierre, <em>Toussaint Louverture<\/em>, Fayard, 1989.<br \/>\n\u2013 PRINCE Mary, <em>La V\u00e9ritable Histoire de Mary Prince : Esclave antillaise (The History of Mary Prince, a West Indian Slave)<\/em>, Albin Michel, 2000 (Original Edition : 1831).<br \/>\n\u2013 ROMANOS Maryse, <em>Po\u00e9sie antillaise d\u2019expression cr\u00e9ole de 1960 \u00e0 nos jours<\/em>, L\u2019Harmattan, 2000.<br \/>\n\u2013 SAINT-RUF Germain, <em>L\u2019Epop\u00e9e Delgres : La Guadeloupe sous la R\u00e9volution fran\u00e7aise, 1789-1802<\/em>, Editions L\u2019Harmattan, 1984.<br \/>\n\u2013 SCH\u0152LCHER Victor, <em>Des colonies fran\u00e7aises<\/em>, Pagnerre, 1842.<br \/>\n\u2013 SENGHOR, L\u00e9opold Sedar, <em>Ce que je crois<\/em>, Grasset, 1988.<br \/>\n\u2013 SHERIDAN Maureen et COLLIN Jacques, <em>L\u2019int\u00e9grale Bob Marley<\/em>, Hors Collection, 2005.<br \/>\n\u2013 SMITH Adam, <em>Recherches sur la nature et les causes de la richesse des nations (The Wealth of Nations)<\/em>, Economica, 2002 (Original Edition : 1776).<br \/>\n\u2013 SOCIETY OF FRIENDS, <em>Appel aux habitants de l\u2019Europe sur l\u2019esclavage et la traite des n\u00e8gres<\/em>, Firmin Didot fr\u00e8res, 1839.<br \/>\n\u2013 SONTHONAX L.F., <em>Commissaire Civil, Ci-Devant D\u00e9l\u00e9gu\u00e9 \u00e0 St.-Domingue Par L\u2019Assembl\u00e9e L\u00e9gislative Et La Convention Nationale, \u00e0 Bourdon<\/em>, Nabu Press, 2010 (Original Edition : 1793).<br \/>\n\u2013 TATA CISSE Youssouf, <em>Soundjata, la gloire du Mali<\/em>, Karthala, 2009.<br \/>\n\u2013 WALCOTT Derek, <em>Une autre vie (Another life)<\/em>, Gallimard, 2002 (Edition originale : 1979).<\/p>\n<h2>History of the Slave Trade and Slavery<\/h2>\n<p>\u2013 BLANCPAIN F., <em>La colonie fran\u00e7aise de Saint-Domingue<\/em>, Karthala, 2004.<br \/>\n\u2013 CAUNA Jacques de, <em>Au temps des \u00eeles \u00e0 sucre, histoire d\u2019une plantation de Saint-Domingue au XVIIIe si\u00e8cle<\/em>, Karthala, 1987.<br \/>\n\u2013 COHEN William.B., <em>Fran\u00e7ais et Africains \u2013 Les Noirs dans le regard des Blancs, 1530-1880<\/em>, Gallimard, 1981.<br \/>\n\u2013 COLLECTIF, <em>Les Anneaux de la M\u00e9moire, Catalogue de l\u2019exposition (The Shackles of Memory, exhibition catalog)<\/em>, Nantes, d\u00e9cembre 1992-mai 1994.<br \/>\n\u2013 DAGET Serge, <em>De la traite \u00e0 l\u2019esclavage, du XVe au XVIIIe si\u00e8cle<\/em>, actes du colloque de Nantes, 1985, Centre d\u2019\u00e9tude du monde atlantique, Nantes, Soci\u00e9t\u00e9 fran\u00e7aise d\u2019histoire d\u2019outre-mer, 2 vol., Paris, 1988.<br \/>\n\u2013 DAGET Serge, <em>R\u00e9pertoire des exp\u00e9ditions n\u00e9gri\u00e8res fran\u00e7aises \u00e0 la traite ill\u00e9gale, 1814-1850<\/em>, Centre de recherche sur l\u2019histoire du monde atlantique, Nantes, 1988.<br \/>\n\u2013 FILLIOT J.-M., <em>La traite des esclaves vers les Mascareignes au XVIIIe si\u00e8cle<\/em>, ORSTOM, 1974.<br \/>\n\u2013 FUMA S., <em>L\u2019esclavagisme \u00e0 la R\u00e9union, 1794-1848<\/em>, L\u2019Harmattan, 1992.<br \/>\n\u2013 GASTON-MARTIN, <em>Nantes au XVIIIe si\u00e8cle \u2013 L\u2019\u00e8re des n\u00e9griers<\/em>, republished by Karthala, 1993.<br \/>\n\u2013 GUILLET Bertrand, <em>La Marie-S\u00e9raphique navire n\u00e9grier<\/em>, Editions Memo<br \/>\n\u2013 Guide des sources de la traite n\u00e9gri\u00e8re, de l\u2019esclavage et de leurs abolitions, La documentation fran\u00e7aises, 2007.<br \/>\n\u2013 HURBON L., <em>L\u2019insurrection des esclaves de Saint-Domingue (22 \u2013 23 ao\u00fbt 1791)<\/em>, Karthala, 2000.<br \/>\n\u2013 MEILLASSOUX Claude, <em>L\u2019esclavage en Afrique pr\u00e9coloniale<\/em>, Editions F. Maspero, Paris, 1975.<br \/>\n\u2013 METTAS J., <em>R\u00e9pertoire des exp\u00e9ditions n\u00e9gri\u00e8res fran\u00e7aises au XVIIIe si\u00e8cle<\/em>, Soci\u00e9t\u00e9 Fran\u00e7aise d\u2019histoire d\u2019outre-mer, 1978.<br \/>\n\u2013 MEYER Jean, <em>L\u2019armement nantais dans la seconde moiti\u00e9 du XVIIIe si\u00e8cle<\/em>, \u00c9cole Pratique des Hautes \u00c9tudes, SEVPEN, 1969.<br \/>\n\u2013 MOULIER BOUTANG Yann, <em>De l\u2019esclavage au salariat. Economie historique du salariat brid\u00e9<\/em>, Paris, Presses Universitaires de France, 1998.<br \/>\n\u2013 PETRE-GRENOUILLEAU Olivier, <em>Les traites n\u00e9gri\u00e8res<\/em>, Editions Gallimard, 2004.<br \/>\n\u2013 QUENUM Alphonse, <em>Les Eglises chr\u00e9tiennes et la traite atlantique du XVe au XIXe si\u00e8cle<\/em>, Paris, Editions Karthala, 1993.<br \/>\n\u2013 REGENT Fr\u00e9d\u00e9ric, <em>La France et ses esclaves, de la colonisation aux abolitions (1620-1848)<\/em>, Editions Grasset et Fasquelle, 2007.<br \/>\n\u2013 SALA-MOLINS Louis, <em>Le code noir ou le calvaire de Canaan<\/em>, PUF, 1987.<br \/>\n\u2013 VERGES Fran\u00e7oise, <em>La m\u00e9moire encha\u00een\u00e9e : Questions sur l\u2019esclavage<\/em>, Hachette Litt\u00e9ratures, 2008.<\/p>\n<h2>Testimonials<\/h2>\n<p>\u2013 CRAFTS Hannah, <em>Autobiographie d\u2019une esclave (Autobiography of a slave),<\/em> Payot, 2007<br \/>\n\u2013 DOUGLASS Frederick, <em>M\u00e9moire d\u2019un esclave (Life and Times of Frederick Douglass)<\/em>, Lux Canada, 2007.<br \/>\n\u2013 EQUIANO Olaudah, <em>Ma v\u00e9ridique histoire : Africain, esclave en Am\u00e9rique, homme libre<\/em>, Marcure de France, 2008.<br \/>\n\u2013 PRINCE Mary, <em>The History of Mary Prince, A West Indian Slave Narrative<\/em>, Dover Publications, 2004.<\/p>\n<h2>History of the Abolitions of Slavery<\/h2>\n<p>\u2013 DAGET Serge, <em>La traite des Noirs. Bastilles n\u00e9gri\u00e8res et vell\u00e9it\u00e9s abolitionnistes<\/em>, Editions Ouest-France Universit\u00e9, 1990.<br \/>\n\u2013 DAGET Serge, <em>La r\u00e9pression de la traite des Noirs au XIXe si\u00e8cle. L\u2019action des croisi\u00e8res fran\u00e7aises sur les c\u00f4tes occidentales de l\u2019Afrique (1817-1850)<\/em>,Paris, Editions Karthala,1997.<br \/>\n\u2013 DORIGNY Marcel et GAINOT Bernard, <em>La Soci\u00e9t\u00e9 des Amis des noirs, 1788-1799<\/em>. <em>Contribution \u00e0 l\u2019histoire de l\u2019abolition de l\u2019esclavage<\/em>, Paris, Editions de l\u2019Unesco, 1998.<br \/>\n\u2013 ELTIS David, WALVIN James, <em>The Abolition of the Atlantic Slave Trade : Origins and Effects in Europe, Africa and the Americas<\/em>, Madison, University of Wisconsin Press, 1981.<br \/>\n\u2013 <em>The abolitions of slavery<\/em>. De L.F. Sonthonax \u00e0 V. Schoelcher, 1793, 1794, 1848, Actes du colloque de 1994, Universit\u00e9 Paris VIII, published by Marcel Dorigny, Presses universitaires de Vincennes, Editions de l\u2019Unesco, 1995.<br \/>\n\u2013 PETRE-GRENOUILLEAU Olivier, <em>Abolir l\u2019esclavage<\/em>, Editions des Presses Universitaires de Rennes, 2008.<br \/>\n\u2013 SCHMIDT Nelly, <em>Victor Schoelcher<\/em>, Editions Fayard, Paris, 1994.<br \/>\n\u2013 SCHMIDT Nelly, <em>L\u2019abolition de l\u2019esclavage, Cinq si\u00e8cles de combats, XVIe \u2013 XXe si\u00e8cle<\/em>, Editions Fayard, 2005.<br \/>\n\u2013 VERGES Fran\u00e7oise, <em>Abolir l\u2019esclavage. A Colonial Utopia. Les ambigu\u00eft\u00e9s d\u2019une politique humanitaire<\/em>, Paris: Albin Michel, 2001.<\/p>\n<h2>Contemporary slavery<\/h2>\n<p>\u2013 COMBESQUES Marie-Agn\u00e8s, <em>Esclave aujourd\u2019hui : entre guerre et mis\u00e8re<\/em>, Editions Syros, Collection J\u2019accuse, Paris, 1995.<br \/>\n\u2013 DECAUX Emmanuel, <em>Les formes contemporaines de l\u2019esclavage<\/em>, Acad\u00e9mie de droit international de La Haye, 2009<br \/>\n\u2013 <em>L\u2019esclavage en France aujourd\u2019hui<\/em>, Rapport de la Mission d\u2019information parlementaire sur les diverses formes d\u2019esclavage moderne, Paris: Assembl\u00e9e nationale, 2001.<br \/>\n\u2013 <em>Forced Labor in the 21st Century<\/em>, Anti-Slavery International, Londres, ICFTU, 2001.<br \/>\n\u2013 O\u2019DY Sylvie, <em>Esclaves en France<\/em>, Paris: Albin Michel, 2001.<br \/>\n\u2013 TORRES Dominique, <em>200 millions d\u2019esclaves aujourd\u2019hui<\/em>, Paris, Editions Ph\u00e9bus, 1996.<br \/>\n\u2013 WEISSBRODT and Anti-Slavery International, <em>Abolishing Slavery and its Contemporary Forms<\/em>, Office of the United Nations High Commissioner for Human Rights, United Nations, Geneva and New York, 2002.<\/p>\n<h2>Fictions<\/h2>\n<p>\u2013 BEECHER-STOWE Harriet, <em>Uncle Tom&#8217;s Cabin<\/em>, Paris, Hachette, 2003.<br \/>\n\u2013 BOURGEON Fran\u00e7ois, <em>Les Passagers du vent<\/em>, 5 vol., Grenoble, \u00c9ditions Gl\u00e9nat, 1998.<br \/>\n\u2013 CHAMOISEAU Patrick, <em>Texaco<\/em>, Gallimard, 1992.<br \/>\n\u2013 CHASE-RIBOUD Barbara, <em>Le N\u00e8gre de l\u2019Amistad<\/em>, Paris: Librairie g\u00e9n\u00e9rale fran\u00e7aise, 1998.<br \/>\n\u2013 CONDE Maryse, <em>Les Derniers Rois mages<\/em>, Paris: Gallimard, 1995.<br \/>\n\u2013 CORBIERE \u00c9douard, <em>Le N\u00e9grier<\/em>, Saint-Malo: \u00c9ditions l\u2019Ancre de Marine, 2002.<br \/>\n\u2013 HALEY Alex, <em>Racines (Roots)<\/em>, J\u2019ai Lu, 1992.<br \/>\n\u2013 MERIMEE Prosper, SUDRET Laurence, <em>Tamango<\/em>, Paris: Magnard, 2001.<br \/>\n\u2013 METELLUS Jean, <em>Toussaint Louverture ou Les Racines de la libert\u00e9<\/em>, Paris, Hatier international, 2003.<br \/>\n\u2013 MORRISON Toni, <em>Beloved<\/em>, Christian Bourgeois, 1989.<br \/>\n\u2013 PLUCHON Pierre, <em>Toussaint Louverture, fils noir de la R\u00e9volution fran\u00e7aise<\/em>, Paris, L\u2019\u00c9cole des Loisirs, 1989.<br \/>\n\u2013 ROSENSTHIEL Florence, RODRIGUE F., KRISTY S. <em>L\u2019Esclave blanc<\/em>, Paris: Bordas, 1981.<br \/>\n\u2013 SCHWARTZ-BART, <em>La Mul\u00e2tresse Solitude<\/em>, Seuil, 1972.<br \/>\n\u2013 TROUILLOT \u00c9velyne, <em>Rosalie l\u2019inf\u00e2me<\/em>, Paris, \u00c9ditions Dapper, 2003.<br \/>\n\u2013 VINCENT, <em>Amistad, les mutins de la libert\u00e9<\/em>, Archipel, 1998.<\/p>\n<h2>FILMOGRAPHY<\/h2>\n<p>\u2013 <em>1802, l\u2019\u00e9pop\u00e9e guadeloup\u00e9enne<\/em>, Christian Lara, 2003.<br \/>\n\u2013 <em>Addanggaman, Roi n\u00e8gre<\/em>, Roger Gnoan M\u2019Bala, 2000.<br \/>\n\u2013 <em>Amistad<\/em>, Steven Spielberg, 1997.<br \/>\n\u2013 <em>Gone with the Wind<\/em>, Victor Flemming, 1939.<br \/>\n\u2013 <em>Beloved<\/em>, Jonathan Demme, 1998.<br \/>\n\u2013 <em>Cobra Verde<\/em>, Werner Herzog, 1987.<br \/>\n\u2013 <em>Le courage des autres<\/em>, Christian Richard, 1982.<br \/>\n\u2013 <em>Les caprices d\u2019un fleuve<\/em>, Bernard Giraudeau, France, 1996.<br \/>\n\u2013 <em>The Valladolid Debate<\/em>, Jean-Daniel Verhaeghe, 1992.<br \/>\n\u2013 <em>Manderlay<\/em>, Lars Von Trier, 2005.<br \/>\n\u2013 <em>Neg maron<\/em>, Christian Lara, 2004.<br \/>\n\u2013 <em>Nightjohn<\/em>, Charles Bunett, 1996.<br \/>\n\u2013 <em>Le passage du milieu<\/em>, Guy Deslauriers, 1999.<br \/>\n\u2013 <em>Quilombo<\/em>, Carlos Diegues, 1982.<br \/>\n\u2013 <em>Roots<\/em>, John Erman, 1977.<br \/>\n\u2013 <em>Rue Cases N\u00e8gres<\/em>, Euzhan Palcy, 1983.<br \/>\n\u2013 <em>Spartacus<\/em>, Stanley Kubrick, 1960.<br \/>\n\u2013 <em>Sucre amer<\/em>, Christian Lara, 1997.<br \/>\n\u2013 <em>Tamango<\/em>, John Berry, 1957.<br \/>\n\u2013 <em>Tropiques amers<\/em>, Jean-Claude Flamand Barny, 2006.<br \/>\n\u2013<em> La Ultima cena<\/em>, Tomas Gutierrez Alea, 1976.<br \/>\n\u2013 <em>Victor Schoelcher<\/em>, Paul Vecchiali, 1998.<\/p>\n<h3>For More Information<br \/>\n<a href=\"http:\/\/www.esclavages.cnrs.fr\" target=\"_blank\" rel=\"noopener noreferrer\">www.esclavages.cnrs.fr<\/a><\/h3>\n","protected":false},"excerpt":{"rendered":"<p>Bibliography Basics \u2013 Anthology, The Price of Sugar, discourse on slavery from Aristotle to C\u00e9saire, Editions Flammarion, 2006. \u2013 DHOTEL G\u00e9rard, Esclavage ancien et moderne, Editions Milan, 2004. \u2013 DORIGNY Marcel and GAINOT Bernard, Atlas des esclavages, Traites, soci\u00e9t\u00e9s coloniales, abolitions de l\u2019Antiquit\u00e9 \u00e0 nos jours, Editions Autrement, 2006. \u2013 GIARD Mathilde, L\u2019esclavage de l\u2019Antiquit\u00e9 &hellip; <\/p>\n<p class=\"link-more\"><a href=\"https:\/\/memorial.nantes.fr\/en\/bibliography\/\" class=\"more-link\">Continue reading<span class=\"screen-reader-text\"> &#8220;Bibliography&#8221;<\/span><\/a><\/p>\n","protected":false},"author":3,"featured_media":235,"parent":0,"menu_order":0,"comment_status":"closed","ping_status":"closed","template":"templates\/MEM_CHAPITRES.php","meta":{"_acf_changed":false,"footnotes":""},"class_list":["post-480","page","type-page","status-publish","has-post-thumbnail","hentry"],"acf":[],"yoast_head":"<!-- This site is optimized with the Yoast SEO plugin v27.2 - https:\/\/yoast.com\/product\/yoast-seo-wordpress\/ -->\n<title>Bibliography | Memorial to the abolition of slavery - Nantes (France)<\/title>\n<meta name=\"description\" content=\"All the resources on the Atlantic slave trade and slavery: reference works, films, podcasts, personal accounts, etc.\" \/>\n<meta name=\"robots\" content=\"index, follow, max-snippet:-1, max-image-preview:large, max-video-preview:-1\" \/>\n<link rel=\"canonical\" href=\"https:\/\/memorial.nantes.fr\/en\/bibliography\/\" \/>\n<meta property=\"og:locale\" content=\"en_US\" \/>\n<meta property=\"og:type\" content=\"article\" \/>\n<meta property=\"og:title\" content=\"Bibliography | Memorial to the abolition of slavery - Nantes (France)\" \/>\n<meta property=\"og:description\" content=\"All the resources on the Atlantic slave trade and slavery: reference works, films, podcasts, personal accounts, etc.\" \/>\n<meta property=\"og:url\" content=\"https:\/\/memorial.nantes.fr\/en\/bibliography\/\" \/>\n<meta property=\"og:site_name\" content=\"Memorial to the abolition of slavery - Nantes (France)\" \/>\n<meta property=\"article:modified_time\" content=\"2023-12-11T09:09:50+00:00\" \/>\n<meta property=\"og:image\" content=\"https:\/\/memorial.nantes.fr\/wp-content\/uploads\/2017\/04\/header_bibliographie.jpg\" \/>\n\t<meta property=\"og:image:width\" content=\"1600\" \/>\n\t<meta property=\"og:image:height\" content=\"1400\" \/>\n\t<meta property=\"og:image:type\" content=\"image\/jpeg\" \/>\n<meta name=\"twitter:card\" content=\"summary_large_image\" \/>\n<meta name=\"twitter:label1\" content=\"Est. reading time\" \/>\n\t<meta name=\"twitter:data1\" content=\"8 minutes\" \/>\n<script type=\"application\/ld+json\" class=\"yoast-schema-graph\">{\"@context\":\"https:\/\/schema.org\",\"@graph\":[{\"@type\":\"WebPage\",\"@id\":\"https:\/\/memorial.nantes.fr\/en\/bibliography\/\",\"url\":\"https:\/\/memorial.nantes.fr\/en\/bibliography\/\",\"name\":\"Bibliography | Memorial to the abolition of slavery - Nantes (France)\",\"isPartOf\":{\"@id\":\"https:\/\/memorial.nantes.fr\/en\/#website\"},\"primaryImageOfPage\":{\"@id\":\"https:\/\/memorial.nantes.fr\/en\/bibliography\/#primaryimage\"},\"image\":{\"@id\":\"https:\/\/memorial.nantes.fr\/en\/bibliography\/#primaryimage\"},\"thumbnailUrl\":\"https:\/\/memorial.nantes.fr\/wp-content\/uploads\/2017\/04\/header_bibliographie.jpg\",\"datePublished\":\"2017-12-18T10:45:45+00:00\",\"dateModified\":\"2023-12-11T09:09:50+00:00\",\"description\":\"All the resources on the Atlantic slave trade and slavery: reference works, films, podcasts, personal accounts, etc.\",\"breadcrumb\":{\"@id\":\"https:\/\/memorial.nantes.fr\/en\/bibliography\/#breadcrumb\"},\"inLanguage\":\"en-US\",\"potentialAction\":[{\"@type\":\"ReadAction\",\"target\":[\"https:\/\/memorial.nantes.fr\/en\/bibliography\/\"]}]},{\"@type\":\"ImageObject\",\"inLanguage\":\"en-US\",\"@id\":\"https:\/\/memorial.nantes.fr\/en\/bibliography\/#primaryimage\",\"url\":\"https:\/\/memorial.nantes.fr\/wp-content\/uploads\/2017\/04\/header_bibliographie.jpg\",\"contentUrl\":\"https:\/\/memorial.nantes.fr\/wp-content\/uploads\/2017\/04\/header_bibliographie.jpg\",\"width\":1600,\"height\":1400},{\"@type\":\"BreadcrumbList\",\"@id\":\"https:\/\/memorial.nantes.fr\/en\/bibliography\/#breadcrumb\",\"itemListElement\":[{\"@type\":\"ListItem\",\"position\":1,\"name\":\"Accueil\",\"item\":\"https:\/\/memorial.nantes.fr\/en\/\"},{\"@type\":\"ListItem\",\"position\":2,\"name\":\"Bibliography\"}]},{\"@type\":\"WebSite\",\"@id\":\"https:\/\/memorial.nantes.fr\/en\/#website\",\"url\":\"https:\/\/memorial.nantes.fr\/en\/\",\"name\":\"Memorial to the abolition of slavery - Nantes (France)\",\"description\":\"\",\"publisher\":{\"@id\":\"https:\/\/memorial.nantes.fr\/en\/#organization\"},\"alternateName\":\"M\u00e9morial de l'abolition de l'esclavage\",\"potentialAction\":[{\"@type\":\"SearchAction\",\"target\":{\"@type\":\"EntryPoint\",\"urlTemplate\":\"https:\/\/memorial.nantes.fr\/en\/?s={search_term_string}\"},\"query-input\":{\"@type\":\"PropertyValueSpecification\",\"valueRequired\":true,\"valueName\":\"search_term_string\"}}],\"inLanguage\":\"en-US\"},{\"@type\":\"Organization\",\"@id\":\"https:\/\/memorial.nantes.fr\/en\/#organization\",\"name\":\"Memorial to the abolition of slavery - Nantes (France)\",\"alternateName\":\"M\u00e9morial de l\u2019abolition de l\u2019esclavage\",\"url\":\"https:\/\/memorial.nantes.fr\/en\/\",\"logo\":{\"@type\":\"ImageObject\",\"inLanguage\":\"en-US\",\"@id\":\"https:\/\/memorial.nantes.fr\/en\/#\/schema\/logo\/image\/\",\"url\":\"https:\/\/memorial.nantes.fr\/wp-content\/uploads\/2023\/12\/memorial-abolition-esclavage-nantes-1.jpg\",\"contentUrl\":\"https:\/\/memorial.nantes.fr\/wp-content\/uploads\/2023\/12\/memorial-abolition-esclavage-nantes-1.jpg\",\"width\":696,\"height\":696,\"caption\":\"Memorial to the abolition of slavery - Nantes (France)\"},\"image\":{\"@id\":\"https:\/\/memorial.nantes.fr\/en\/#\/schema\/logo\/image\/\"}}]}<\/script>\n<!-- \/ Yoast SEO plugin. -->","yoast_head_json":{"title":"Bibliography | Memorial to the abolition of slavery - Nantes (France)","description":"All the resources on the Atlantic slave trade and slavery: reference works, films, podcasts, personal accounts, etc.","robots":{"index":"index","follow":"follow","max-snippet":"max-snippet:-1","max-image-preview":"max-image-preview:large","max-video-preview":"max-video-preview:-1"},"canonical":"https:\/\/memorial.nantes.fr\/en\/bibliography\/","og_locale":"en_US","og_type":"article","og_title":"Bibliography | Memorial to the abolition of slavery - Nantes (France)","og_description":"All the resources on the Atlantic slave trade and slavery: reference works, films, podcasts, personal accounts, etc.","og_url":"https:\/\/memorial.nantes.fr\/en\/bibliography\/","og_site_name":"Memorial to the abolition of slavery - Nantes (France)","article_modified_time":"2023-12-11T09:09:50+00:00","og_image":[{"width":1600,"height":1400,"url":"https:\/\/memorial.nantes.fr\/wp-content\/uploads\/2017\/04\/header_bibliographie.jpg","type":"image\/jpeg"}],"twitter_card":"summary_large_image","twitter_misc":{"Est. reading time":"8 minutes"},"schema":{"@context":"https:\/\/schema.org","@graph":[{"@type":"WebPage","@id":"https:\/\/memorial.nantes.fr\/en\/bibliography\/","url":"https:\/\/memorial.nantes.fr\/en\/bibliography\/","name":"Bibliography | Memorial to the abolition of slavery - Nantes (France)","isPartOf":{"@id":"https:\/\/memorial.nantes.fr\/en\/#website"},"primaryImageOfPage":{"@id":"https:\/\/memorial.nantes.fr\/en\/bibliography\/#primaryimage"},"image":{"@id":"https:\/\/memorial.nantes.fr\/en\/bibliography\/#primaryimage"},"thumbnailUrl":"https:\/\/memorial.nantes.fr\/wp-content\/uploads\/2017\/04\/header_bibliographie.jpg","datePublished":"2017-12-18T10:45:45+00:00","dateModified":"2023-12-11T09:09:50+00:00","description":"All the resources on the Atlantic slave trade and slavery: reference works, films, podcasts, personal accounts, etc.","breadcrumb":{"@id":"https:\/\/memorial.nantes.fr\/en\/bibliography\/#breadcrumb"},"inLanguage":"en-US","potentialAction":[{"@type":"ReadAction","target":["https:\/\/memorial.nantes.fr\/en\/bibliography\/"]}]},{"@type":"ImageObject","inLanguage":"en-US","@id":"https:\/\/memorial.nantes.fr\/en\/bibliography\/#primaryimage","url":"https:\/\/memorial.nantes.fr\/wp-content\/uploads\/2017\/04\/header_bibliographie.jpg","contentUrl":"https:\/\/memorial.nantes.fr\/wp-content\/uploads\/2017\/04\/header_bibliographie.jpg","width":1600,"height":1400},{"@type":"BreadcrumbList","@id":"https:\/\/memorial.nantes.fr\/en\/bibliography\/#breadcrumb","itemListElement":[{"@type":"ListItem","position":1,"name":"Accueil","item":"https:\/\/memorial.nantes.fr\/en\/"},{"@type":"ListItem","position":2,"name":"Bibliography"}]},{"@type":"WebSite","@id":"https:\/\/memorial.nantes.fr\/en\/#website","url":"https:\/\/memorial.nantes.fr\/en\/","name":"Memorial to the abolition of slavery - Nantes (France)","description":"","publisher":{"@id":"https:\/\/memorial.nantes.fr\/en\/#organization"},"alternateName":"M\u00e9morial de l'abolition de l'esclavage","potentialAction":[{"@type":"SearchAction","target":{"@type":"EntryPoint","urlTemplate":"https:\/\/memorial.nantes.fr\/en\/?s={search_term_string}"},"query-input":{"@type":"PropertyValueSpecification","valueRequired":true,"valueName":"search_term_string"}}],"inLanguage":"en-US"},{"@type":"Organization","@id":"https:\/\/memorial.nantes.fr\/en\/#organization","name":"Memorial to the abolition of slavery - Nantes (France)","alternateName":"M\u00e9morial de l\u2019abolition de l\u2019esclavage","url":"https:\/\/memorial.nantes.fr\/en\/","logo":{"@type":"ImageObject","inLanguage":"en-US","@id":"https:\/\/memorial.nantes.fr\/en\/#\/schema\/logo\/image\/","url":"https:\/\/memorial.nantes.fr\/wp-content\/uploads\/2023\/12\/memorial-abolition-esclavage-nantes-1.jpg","contentUrl":"https:\/\/memorial.nantes.fr\/wp-content\/uploads\/2023\/12\/memorial-abolition-esclavage-nantes-1.jpg","width":696,"height":696,"caption":"Memorial to the abolition of slavery - Nantes (France)"},"image":{"@id":"https:\/\/memorial.nantes.fr\/en\/#\/schema\/logo\/image\/"}}]}},"_links":{"self":[{"href":"https:\/\/memorial.nantes.fr\/en\/wp-json\/wp\/v2\/pages\/480","targetHints":{"allow":["GET"]}}],"collection":[{"href":"https:\/\/memorial.nantes.fr\/en\/wp-json\/wp\/v2\/pages"}],"about":[{"href":"https:\/\/memorial.nantes.fr\/en\/wp-json\/wp\/v2\/types\/page"}],"author":[{"embeddable":true,"href":"https:\/\/memorial.nantes.fr\/en\/wp-json\/wp\/v2\/users\/3"}],"replies":[{"embeddable":true,"href":"https:\/\/memorial.nantes.fr\/en\/wp-json\/wp\/v2\/comments?post=480"}],"version-history":[{"count":2,"href":"https:\/\/memorial.nantes.fr\/en\/wp-json\/wp\/v2\/pages\/480\/revisions"}],"predecessor-version":[{"id":483,"href":"https:\/\/memorial.nantes.fr\/en\/wp-json\/wp\/v2\/pages\/480\/revisions\/483"}],"wp:featuredmedia":[{"embeddable":true,"href":"https:\/\/memorial.nantes.fr\/en\/wp-json\/wp\/v2\/media\/235"}],"wp:attachment":[{"href":"https:\/\/memorial.nantes.fr\/en\/wp-json\/wp\/v2\/media?parent=480"}],"curies":[{"name":"wp","href":"https:\/\/api.w.org\/{rel}","templated":true}]}}